{"id":105,"date":"2021-04-29T16:24:27","date_gmt":"2021-04-29T14:24:27","guid":{"rendered":"http:\/\/sophrologie-cap-sizun.fr\/?page_id=105"},"modified":"2021-05-06T10:41:10","modified_gmt":"2021-05-06T08:41:10","slug":"les-seances-enfants","status":"publish","type":"page","link":"https:\/\/sophrologie-cap-sizun.fr\/index.php\/les-seances\/les-seances-enfants\/","title":{"rendered":"Les s\u00e9ances enfants"},"content":{"rendered":"<style type=\"text\/css\"><\/style>\n<h2 class=\"has-text-color\" style=\"color:#539e04\">Les s\u00e9ances enfants<\/h2>\n\n\n\n<p class=\"has-text-color has-medium-font-size\" style=\"color:#111111\">Elles r\u00e9pondent \u00e0 leurs besoins de jouer, s\u2019amuser, se sentir \u00e9cout\u00e9s, apprendre,\u00a0 comprendre leurs \u00e9motions, \u00e0 travers des petits exercices simples,\u00a0 dynamiques et ludiques, facilement utilisables au quotidien. S\u00e9ances de 30 minutes. Elles d\u00e9butent par la m\u00e9t\u00e9o int\u00e9rieure afin de sonder l\u2019\u00e9tat \u00e9motionnel du d\u00e9but de s\u00e9ance.<\/p>\n\n\n\n<div class=\"wp-block-columns\">\n<div class=\"wp-block-column\">\n<figure class=\"wp-block-image size-large\"><img loading=\"lazy\" width=\"1024\" height=\"768\" src=\"http:\/\/sophrologie-cap-sizun.fr\/wp-content\/uploads\/2021\/04\/20210414_094419-1024x768.jpg\" alt=\"\" class=\"wp-image-59\" srcset=\"https:\/\/sophrologie-cap-sizun.fr\/wp-content\/uploads\/2021\/04\/20210414_094419-1024x768.jpg 1024w, https:\/\/sophrologie-cap-sizun.fr\/wp-content\/uploads\/2021\/04\/20210414_094419-300x225.jpg 300w, https:\/\/sophrologie-cap-sizun.fr\/wp-content\/uploads\/2021\/04\/20210414_094419-768x576.jpg 768w, https:\/\/sophrologie-cap-sizun.fr\/wp-content\/uploads\/2021\/04\/20210414_094419-1536x1152.jpg 1536w, https:\/\/sophrologie-cap-sizun.fr\/wp-content\/uploads\/2021\/04\/20210414_094419-2048x1536.jpg 2048w, https:\/\/sophrologie-cap-sizun.fr\/wp-content\/uploads\/2021\/04\/20210414_094419-580x435.jpg 580w, https:\/\/sophrologie-cap-sizun.fr\/wp-content\/uploads\/2021\/04\/20210414_094419-820x615.jpg 820w, https:\/\/sophrologie-cap-sizun.fr\/wp-content\/uploads\/2021\/04\/20210414_094419-1160x870.jpg 1160w\" sizes=\"(max-width: 1024px) 100vw, 1024px\" \/><\/figure>\n<\/div>\n\n\n\n<div class=\"wp-block-column\">\n<figure class=\"wp-block-image size-large\"><img loading=\"lazy\" width=\"1024\" height=\"768\" src=\"http:\/\/sophrologie-cap-sizun.fr\/wp-content\/uploads\/2021\/04\/20210414_094743-1024x768.jpg\" alt=\"\" class=\"wp-image-60\" srcset=\"https:\/\/sophrologie-cap-sizun.fr\/wp-content\/uploads\/2021\/04\/20210414_094743-1024x768.jpg 1024w, https:\/\/sophrologie-cap-sizun.fr\/wp-content\/uploads\/2021\/04\/20210414_094743-300x225.jpg 300w, https:\/\/sophrologie-cap-sizun.fr\/wp-content\/uploads\/2021\/04\/20210414_094743-768x576.jpg 768w, https:\/\/sophrologie-cap-sizun.fr\/wp-content\/uploads\/2021\/04\/20210414_094743-1536x1152.jpg 1536w, https:\/\/sophrologie-cap-sizun.fr\/wp-content\/uploads\/2021\/04\/20210414_094743-2048x1536.jpg 2048w, https:\/\/sophrologie-cap-sizun.fr\/wp-content\/uploads\/2021\/04\/20210414_094743-580x435.jpg 580w, https:\/\/sophrologie-cap-sizun.fr\/wp-content\/uploads\/2021\/04\/20210414_094743-820x615.jpg 820w, https:\/\/sophrologie-cap-sizun.fr\/wp-content\/uploads\/2021\/04\/20210414_094743-1160x870.jpg 1160w\" sizes=\"(max-width: 1024px) 100vw, 1024px\" \/><\/figure>\n<\/div>\n<\/div>\n","protected":false},"excerpt":{"rendered":"<p>Les s\u00e9ances enfants Elles r\u00e9pondent \u00e0 leurs besoins de jouer, s\u2019amuser, se sentir \u00e9cout\u00e9s, apprendre,\u00a0 comprendre leurs \u00e9motions, \u00e0 travers des petits exercices simples,\u00a0 dynamiques et ludiques, facilement utilisables au quotidien. S\u00e9ances de 30 minutes. Elles d\u00e9butent par la m\u00e9t\u00e9o int\u00e9rieure afin de sonder l\u2019\u00e9tat \u00e9motionnel du d\u00e9but de s\u00e9ance.<\/p>\n","protected":false},"author":1,"featured_media":0,"parent":96,"menu_order":3,"comment_status":"closed","ping_status":"closed","template":"","meta":[],"_links":{"self":[{"href":"https:\/\/sophrologie-cap-sizun.fr\/index.php\/wp-json\/wp\/v2\/pages\/105"}],"collection":[{"href":"https:\/\/sophrologie-cap-sizun.fr\/index.php\/wp-json\/wp\/v2\/pages"}],"about":[{"href":"https:\/\/sophrologie-cap-sizun.fr\/index.php\/wp-json\/wp\/v2\/types\/page"}],"author":[{"embeddable":true,"href":"https:\/\/sophrologie-cap-sizun.fr\/index.php\/wp-json\/wp\/v2\/users\/1"}],"replies":[{"embeddable":true,"href":"https:\/\/sophrologie-cap-sizun.fr\/index.php\/wp-json\/wp\/v2\/comments?post=105"}],"version-history":[{"count":6,"href":"https:\/\/sophrologie-cap-sizun.fr\/index.php\/wp-json\/wp\/v2\/pages\/105\/revisions"}],"predecessor-version":[{"id":198,"href":"https:\/\/sophrologie-cap-sizun.fr\/index.php\/wp-json\/wp\/v2\/pages\/105\/revisions\/198"}],"up":[{"embeddable":true,"href":"https:\/\/sophrologie-cap-sizun.fr\/index.php\/wp-json\/wp\/v2\/pages\/96"}],"wp:attachment":[{"href":"https:\/\/sophrologie-cap-sizun.fr\/index.php\/wp-json\/wp\/v2\/media?parent=105"}],"curies":[{"name":"wp","href":"https:\/\/api.w.org\/{rel}","templated":true}]}}