{"id":107,"date":"2021-04-29T16:25:43","date_gmt":"2021-04-29T14:25:43","guid":{"rendered":"http:\/\/sophrologie-cap-sizun.fr\/?page_id=107"},"modified":"2021-09-23T12:26:23","modified_gmt":"2021-09-23T10:26:23","slug":"les-seances-ados","status":"publish","type":"page","link":"https:\/\/sophrologie-cap-sizun.fr\/index.php\/les-seances\/les-seances-ados\/","title":{"rendered":"Les s\u00e9ances ados"},"content":{"rendered":"<style type=\"text\/css\"><\/style>\n<h2 class=\"has-text-color\" style=\"color:#539e04\">Les s\u00e9ances ados<\/h2>\n\n\n\n<p class=\"has-text-color has-medium-font-size\" style=\"color:#111111\">Elles sont orient\u00e9es vers l\u2019\u00e9coute des besoins et\/ou du mal \u00eatre de l\u2019adolescent, \u00e0 travers des petits exercices simples de respiration, d\u2019ancrage et de visualisation positive. Elles permettent aussi de pr\u00e9parer des examens (brevet, bac, permis) et\/ou des \u00e9v\u00e8nements appr\u00e9hend\u00e9s. Nous pouvons \u00e9galement aller plus loin si une probl\u00e9matique plus profonde apparait, \u00e0 travers la sophroanalyse. S\u00e9ances de 30 \u00e0 45 minutes.<\/p>\n\n\n\n<figure class=\"wp-block-gallery columns-3 is-cropped\"><ul class=\"blocks-gallery-grid\"><li class=\"blocks-gallery-item\"><figure><img loading=\"lazy\" width=\"576\" height=\"1024\" src=\"http:\/\/sophrologie-cap-sizun.fr\/wp-content\/uploads\/2021\/09\/20210922_164114-576x1024.jpg\" alt=\"\" data-id=\"284\" data-full-url=\"http:\/\/sophrologie-cap-sizun.fr\/wp-content\/uploads\/2021\/09\/20210922_164114-scaled.jpg\" data-link=\"http:\/\/sophrologie-cap-sizun.fr\/index.php\/les-seances\/les-seances-adultes\/20210922_164114\/\" class=\"wp-image-284\" srcset=\"https:\/\/sophrologie-cap-sizun.fr\/wp-content\/uploads\/2021\/09\/20210922_164114-576x1024.jpg 576w, https:\/\/sophrologie-cap-sizun.fr\/wp-content\/uploads\/2021\/09\/20210922_164114-169x300.jpg 169w, https:\/\/sophrologie-cap-sizun.fr\/wp-content\/uploads\/2021\/09\/20210922_164114-768x1365.jpg 768w, https:\/\/sophrologie-cap-sizun.fr\/wp-content\/uploads\/2021\/09\/20210922_164114-864x1536.jpg 864w, https:\/\/sophrologie-cap-sizun.fr\/wp-content\/uploads\/2021\/09\/20210922_164114-1152x2048.jpg 1152w, https:\/\/sophrologie-cap-sizun.fr\/wp-content\/uploads\/2021\/09\/20210922_164114-580x1031.jpg 580w, https:\/\/sophrologie-cap-sizun.fr\/wp-content\/uploads\/2021\/09\/20210922_164114-820x1458.jpg 820w, https:\/\/sophrologie-cap-sizun.fr\/wp-content\/uploads\/2021\/09\/20210922_164114-1160x2062.jpg 1160w, https:\/\/sophrologie-cap-sizun.fr\/wp-content\/uploads\/2021\/09\/20210922_164114-scaled.jpg 1440w\" sizes=\"(max-width: 576px) 100vw, 576px\" \/><\/figure><\/li><li class=\"blocks-gallery-item\"><figure><img loading=\"lazy\" width=\"576\" height=\"1024\" src=\"http:\/\/sophrologie-cap-sizun.fr\/wp-content\/uploads\/2021\/09\/20210922_164054-576x1024.jpg\" alt=\"\" data-id=\"282\" data-full-url=\"http:\/\/sophrologie-cap-sizun.fr\/wp-content\/uploads\/2021\/09\/20210922_164054-scaled.jpg\" data-link=\"http:\/\/sophrologie-cap-sizun.fr\/index.php\/les-seances\/les-seances-adultes\/20210922_164054\/\" class=\"wp-image-282\" srcset=\"https:\/\/sophrologie-cap-sizun.fr\/wp-content\/uploads\/2021\/09\/20210922_164054-576x1024.jpg 576w, https:\/\/sophrologie-cap-sizun.fr\/wp-content\/uploads\/2021\/09\/20210922_164054-169x300.jpg 169w, https:\/\/sophrologie-cap-sizun.fr\/wp-content\/uploads\/2021\/09\/20210922_164054-768x1365.jpg 768w, https:\/\/sophrologie-cap-sizun.fr\/wp-content\/uploads\/2021\/09\/20210922_164054-864x1536.jpg 864w, https:\/\/sophrologie-cap-sizun.fr\/wp-content\/uploads\/2021\/09\/20210922_164054-1152x2048.jpg 1152w, https:\/\/sophrologie-cap-sizun.fr\/wp-content\/uploads\/2021\/09\/20210922_164054-580x1031.jpg 580w, https:\/\/sophrologie-cap-sizun.fr\/wp-content\/uploads\/2021\/09\/20210922_164054-820x1458.jpg 820w, https:\/\/sophrologie-cap-sizun.fr\/wp-content\/uploads\/2021\/09\/20210922_164054-1160x2062.jpg 1160w, https:\/\/sophrologie-cap-sizun.fr\/wp-content\/uploads\/2021\/09\/20210922_164054-scaled.jpg 1440w\" sizes=\"(max-width: 576px) 100vw, 576px\" \/><\/figure><\/li><li class=\"blocks-gallery-item\"><figure><img loading=\"lazy\" width=\"576\" height=\"1024\" src=\"http:\/\/sophrologie-cap-sizun.fr\/wp-content\/uploads\/2021\/09\/20210922_163955-576x1024.jpg\" alt=\"\" data-id=\"281\" data-full-url=\"http:\/\/sophrologie-cap-sizun.fr\/wp-content\/uploads\/2021\/09\/20210922_163955-scaled.jpg\" data-link=\"http:\/\/sophrologie-cap-sizun.fr\/index.php\/les-seances\/les-seances-adultes\/20210922_163955\/\" class=\"wp-image-281\" srcset=\"https:\/\/sophrologie-cap-sizun.fr\/wp-content\/uploads\/2021\/09\/20210922_163955-576x1024.jpg 576w, https:\/\/sophrologie-cap-sizun.fr\/wp-content\/uploads\/2021\/09\/20210922_163955-169x300.jpg 169w, https:\/\/sophrologie-cap-sizun.fr\/wp-content\/uploads\/2021\/09\/20210922_163955-768x1365.jpg 768w, https:\/\/sophrologie-cap-sizun.fr\/wp-content\/uploads\/2021\/09\/20210922_163955-864x1536.jpg 864w, https:\/\/sophrologie-cap-sizun.fr\/wp-content\/uploads\/2021\/09\/20210922_163955-1152x2048.jpg 1152w, https:\/\/sophrologie-cap-sizun.fr\/wp-content\/uploads\/2021\/09\/20210922_163955-580x1031.jpg 580w, https:\/\/sophrologie-cap-sizun.fr\/wp-content\/uploads\/2021\/09\/20210922_163955-820x1458.jpg 820w, https:\/\/sophrologie-cap-sizun.fr\/wp-content\/uploads\/2021\/09\/20210922_163955-1160x2062.jpg 1160w, https:\/\/sophrologie-cap-sizun.fr\/wp-content\/uploads\/2021\/09\/20210922_163955-scaled.jpg 1440w\" sizes=\"(max-width: 576px) 100vw, 576px\" \/><\/figure><\/li><\/ul><\/figure>\n","protected":false},"excerpt":{"rendered":"<p>Les s\u00e9ances ados Elles sont orient\u00e9es vers l\u2019\u00e9coute des besoins et\/ou du mal \u00eatre de l\u2019adolescent, \u00e0 travers des petits exercices simples de respiration, d\u2019ancrage et de visualisation positive. Elles permettent aussi de pr\u00e9parer des examens (brevet, bac, permis) et\/ou des \u00e9v\u00e8nements appr\u00e9hend\u00e9s. Nous pouvons \u00e9galement aller plus loin si une probl\u00e9matique plus profonde apparait,&#8230;<\/p>\n","protected":false},"author":1,"featured_media":0,"parent":96,"menu_order":4,"comment_status":"closed","ping_status":"closed","template":"","meta":[],"_links":{"self":[{"href":"https:\/\/sophrologie-cap-sizun.fr\/index.php\/wp-json\/wp\/v2\/pages\/107"}],"collection":[{"href":"https:\/\/sophrologie-cap-sizun.fr\/index.php\/wp-json\/wp\/v2\/pages"}],"about":[{"href":"https:\/\/sophrologie-cap-sizun.fr\/index.php\/wp-json\/wp\/v2\/types\/page"}],"author":[{"embeddable":true,"href":"https:\/\/sophrologie-cap-sizun.fr\/index.php\/wp-json\/wp\/v2\/users\/1"}],"replies":[{"embeddable":true,"href":"https:\/\/sophrologie-cap-sizun.fr\/index.php\/wp-json\/wp\/v2\/comments?post=107"}],"version-history":[{"count":4,"href":"https:\/\/sophrologie-cap-sizun.fr\/index.php\/wp-json\/wp\/v2\/pages\/107\/revisions"}],"predecessor-version":[{"id":286,"href":"https:\/\/sophrologie-cap-sizun.fr\/index.php\/wp-json\/wp\/v2\/pages\/107\/revisions\/286"}],"up":[{"embeddable":true,"href":"https:\/\/sophrologie-cap-sizun.fr\/index.php\/wp-json\/wp\/v2\/pages\/96"}],"wp:attachment":[{"href":"https:\/\/sophrologie-cap-sizun.fr\/index.php\/wp-json\/wp\/v2\/media?parent=107"}],"curies":[{"name":"wp","href":"https:\/\/api.w.org\/{rel}","templated":true}]}}