{"id":64,"date":"2021-04-29T15:45:20","date_gmt":"2021-04-29T13:45:20","guid":{"rendered":"http:\/\/sophrologie-cap-sizun.fr\/?page_id=64"},"modified":"2021-09-30T17:09:43","modified_gmt":"2021-09-30T15:09:43","slug":"bienvenue","status":"publish","type":"page","link":"https:\/\/sophrologie-cap-sizun.fr\/","title":{"rendered":"Bienvenue!"},"content":{"rendered":"<style type=\"text\/css\"><\/style>\n<h2 class=\"has-text-color\" style=\"color:#539e04\">Bienvenue sur le site de sophrologie Cap Sizun<\/h2>\n\n\n\n<figure class=\"wp-block-image size-large is-resized\"><img loading=\"lazy\" src=\"http:\/\/sophrologie-cap-sizun.fr\/wp-content\/uploads\/2021\/04\/IMG_20210417_130736-1024x768.jpg\" alt=\"\" class=\"wp-image-58\" width=\"733\" height=\"549\" srcset=\"https:\/\/sophrologie-cap-sizun.fr\/wp-content\/uploads\/2021\/04\/IMG_20210417_130736-1024x768.jpg 1024w, https:\/\/sophrologie-cap-sizun.fr\/wp-content\/uploads\/2021\/04\/IMG_20210417_130736-300x225.jpg 300w, https:\/\/sophrologie-cap-sizun.fr\/wp-content\/uploads\/2021\/04\/IMG_20210417_130736-768x576.jpg 768w, https:\/\/sophrologie-cap-sizun.fr\/wp-content\/uploads\/2021\/04\/IMG_20210417_130736-1536x1152.jpg 1536w, https:\/\/sophrologie-cap-sizun.fr\/wp-content\/uploads\/2021\/04\/IMG_20210417_130736-2048x1536.jpg 2048w, https:\/\/sophrologie-cap-sizun.fr\/wp-content\/uploads\/2021\/04\/IMG_20210417_130736-580x435.jpg 580w, https:\/\/sophrologie-cap-sizun.fr\/wp-content\/uploads\/2021\/04\/IMG_20210417_130736-820x615.jpg 820w, https:\/\/sophrologie-cap-sizun.fr\/wp-content\/uploads\/2021\/04\/IMG_20210417_130736-1160x870.jpg 1160w\" sizes=\"(max-width: 733px) 100vw, 733px\" \/><\/figure>\n\n\n\n<h2 class=\"has-text-color\" style=\"color:#539e04\">La sophrologie et la sophroanalyse&nbsp;: pour mieux se sentir chaque jour<\/h2>\n\n\n\n<ul class=\"wp-block-social-links has-huge-icon-size has-icon-color is-style-logos-only\"><li style=\"color: #00a332; \" class=\"wp-social-link wp-social-link-facebook wp-block-social-link\"><a href=\"https:\/\/www.facebook.com\/Sophrologie-Cap-Sizun-101852161295798\/\" aria-label=\"Facebook\"  class=\"wp-block-social-link-anchor\"> <svg width=\"24\" height=\"24\" viewBox=\"0 0 24 24\" version=\"1.1\" xmlns=\"http:\/\/www.w3.org\/2000\/svg\" role=\"img\" aria-hidden=\"true\" focusable=\"false\"><path d=\"M12 2C6.5 2 2 6.5 2 12c0 5 3.7 9.1 8.4 9.9v-7H7.9V12h2.5V9.8c0-2.5 1.5-3.9 3.8-3.9 1.1 0 2.2.2 2.2.2v2.5h-1.3c-1.2 0-1.6.8-1.6 1.6V12h2.8l-.4 2.9h-2.3v7C18.3 21.1 22 17 22 12c0-5.5-4.5-10-10-10z\"><\/path><\/svg><\/a><\/li><\/ul>\n\n\n\n<p class=\"has-text-color has-medium-font-size\" style=\"color:#111111\">Envie de d\u00e9tente? De douceur ? De bien \u00eatre ? De reconnexion avec vous-m\u00eame ? D&rsquo;un temps rien que pour vous ? D&rsquo;un espace dans lequel le temps s&rsquo;arr\u00eate? Celui dans lequel vous \u00eates le centre &#8230; Vous \u00eates au bon endroit&nbsp;!<\/p>\n\n\n\n<p class=\"has-text-color has-medium-font-size\" style=\"color:#111111\">Je vous propose des s\u00e9ances collectives au sein de <a href=\"http:\/\/ecolieu-kerville.fr\/\" target=\"_blank\" rel=\"noreferrer noopener\">l\u2019\u00e9colieu Kervill\u00e9<\/a> \u00e0 Beuzec-Cap-Sizun ainsi que sur la plage pendant les p\u00e9riodes estivales,&nbsp; et des s\u00e9ances individuelles toute l\u2019ann\u00e9e en cabinet \u00e0 Esquibien.<\/p>\n\n\n\n<p class=\"has-text-color has-medium-font-size\" style=\"color:#111111\">J\u2019interviens \u00e9galement \u00e0 domicile, ainsi qu\u2019au sein des entreprises et associations.<\/p>\n\n\n\n<h2 class=\"has-text-color\" style=\"color:#539e04\">Nouveau : s\u00e9ances collectives pour petits et grands d\u00e8s septembre \u00e0 Beuzec Cap Sizun et \u00e0 Douarnenez !<\/h2>\n\n\n\n<div class=\"wp-block-buttons\">\n<div class=\"wp-block-button is-style-fill\"><a class=\"wp-block-button__link no-border-radius\" href=\"http:\/\/sophrologie-cap-sizun.fr\/index.php\/les-seances\/\">plus d&rsquo;informations<\/a><\/div>\n<\/div>\n\n\n\n<p><\/p>\n\n\n\t<div class=\"wtwp-testimonials-slider-wrp wptww-clearfix \" data-conf=\"{&quot;slides_column&quot;:1,&quot;slides_scroll&quot;:1,&quot;dots&quot;:&quot;true&quot;,&quot;arrows&quot;:&quot;true&quot;,&quot;autoplay&quot;:&quot;true&quot;,&quot;autoplay_interval&quot;:3000,&quot;rtl&quot;:&quot;false&quot;,&quot;speed&quot;:300,&quot;adaptive_height&quot;:&quot;false&quot;}\">\n\t\t<div id=\"wptww-testimonials-slidelist-1\" class=\"wptww-testimonials-slidelist design-1\">\n\t\t<div class=\"wptww-quote\">\r\n\t<div class=\"wptww-testimonial-left\">\r\n\t\t\t\t\t<div class=\"wptww-avtar-image\"><\/div>\r\n\t\t\t<\/div>\r\n\t<div class=\"wptww-testimonial-content\">\r\n\t\t<i class=\"fa fa-quote-left\"><\/i>\r\n\t\t<h4>Jeremy<\/h4>\r\n\t\t<div class=\"wptww-testimonials-text\">\r\n\t\t\t<p>\r\n\t\t\t\t <em> Les s\u00e9ances de sophrologie d&rsquo;Emilie m&rsquo;ont permis de trouver un moment de d\u00e9tente et des techniques pour ressentir cette d\u00e9tente au quotidien. Emilie sait mettre \u00e0 l&rsquo;aise et inspire confiance! <\/em> \t\t\t<\/p>\r\n\t\t<\/div>\r\n\t<\/div>\r\n\t<\/div><div class=\"wptww-quote\">\r\n\t<div class=\"wptww-testimonial-left\">\r\n\t\t\t\t\t<div class=\"wptww-avtar-image\"><\/div>\r\n\t\t\t<\/div>\r\n\t<div class=\"wptww-testimonial-content\">\r\n\t\t<i class=\"fa fa-quote-left\"><\/i>\r\n\t\t<h4>Claire<\/h4>\r\n\t\t<div class=\"wptww-testimonials-text\">\r\n\t\t\t<p>\r\n\t\t\t\t <em> Les s\u00e9ances sont tr\u00e8s efficaces contre le stress quotidien et Emilie donne de bons conseils pour r\u00e9utiliser les exercices quand on le souhaite. <\/em> \t\t\t<\/p>\r\n\t\t<\/div>\r\n\t<\/div>\r\n\t<\/div><div class=\"wptww-quote\">\r\n\t<div class=\"wptww-testimonial-left\">\r\n\t\t\t\t\t<div class=\"wptww-avtar-image\"><\/div>\r\n\t\t\t<\/div>\r\n\t<div class=\"wptww-testimonial-content\">\r\n\t\t<i class=\"fa fa-quote-left\"><\/i>\r\n\t\t<h4>Axelle<\/h4>\r\n\t\t<div class=\"wptww-testimonials-text\">\r\n\t\t\t<p>\r\n\t\t\t\t <em> Emilie est une personne \u00e0 l&rsquo;\u00e9coute et toujours bienveillante. J&rsquo;ai suivi ses s\u00e9ances de sophrologie pendant deux ans. Celles-ci sont des bulles de douceur et de d\u00e9tente qui m&rsquo;ont aid\u00e9 \u00e0 me d\u00e9tendre. J&rsquo;utilise au quotidien les exercices que j&rsquo;ai appris \u00e0 ses c\u00f4t\u00e9s, ils sont faciles \u00e0 mettre en place et me permettent d&rsquo;\u00eatre plus sereine. Je vous recommande l&rsquo;accompagnement d&rsquo;Emilie qui ne vous fera que du bien. <\/em> \t\t\t<\/p>\r\n\t\t<\/div>\r\n\t<\/div>\r\n\t<\/div>\t\t<\/div>\n\t<\/div>\n\n\t\n\n\n<p><\/p>\n","protected":false},"excerpt":{"rendered":"<p>Bienvenue sur le site de sophrologie Cap Sizun La sophrologie et la sophroanalyse&nbsp;: pour mieux se sentir chaque jour Envie de d\u00e9tente? De douceur ? De bien \u00eatre ? De reconnexion avec vous-m\u00eame ? D&rsquo;un temps rien que pour vous ? D&rsquo;un espace dans lequel le temps s&rsquo;arr\u00eate? Celui dans lequel vous \u00eates le centre&#8230;<\/p>\n","protected":false},"author":1,"featured_media":0,"parent":0,"menu_order":0,"comment_status":"closed","ping_status":"closed","template":"","meta":[],"_links":{"self":[{"href":"https:\/\/sophrologie-cap-sizun.fr\/index.php\/wp-json\/wp\/v2\/pages\/64"}],"collection":[{"href":"https:\/\/sophrologie-cap-sizun.fr\/index.php\/wp-json\/wp\/v2\/pages"}],"about":[{"href":"https:\/\/sophrologie-cap-sizun.fr\/index.php\/wp-json\/wp\/v2\/types\/page"}],"author":[{"embeddable":true,"href":"https:\/\/sophrologie-cap-sizun.fr\/index.php\/wp-json\/wp\/v2\/users\/1"}],"replies":[{"embeddable":true,"href":"https:\/\/sophrologie-cap-sizun.fr\/index.php\/wp-json\/wp\/v2\/comments?post=64"}],"version-history":[{"count":41,"href":"https:\/\/sophrologie-cap-sizun.fr\/index.php\/wp-json\/wp\/v2\/pages\/64\/revisions"}],"predecessor-version":[{"id":287,"href":"https:\/\/sophrologie-cap-sizun.fr\/index.php\/wp-json\/wp\/v2\/pages\/64\/revisions\/287"}],"wp:attachment":[{"href":"https:\/\/sophrologie-cap-sizun.fr\/index.php\/wp-json\/wp\/v2\/media?parent=64"}],"curies":[{"name":"wp","href":"https:\/\/api.w.org\/{rel}","templated":true}]}}