{"id":96,"date":"2021-04-29T16:16:30","date_gmt":"2021-04-29T14:16:30","guid":{"rendered":"http:\/\/sophrologie-cap-sizun.fr\/?page_id=96"},"modified":"2021-09-20T15:03:38","modified_gmt":"2021-09-20T13:03:38","slug":"les-seances","status":"publish","type":"page","link":"https:\/\/sophrologie-cap-sizun.fr\/index.php\/les-seances\/","title":{"rendered":"Les s\u00e9ances"},"content":{"rendered":"<style type=\"text\/css\"><\/style>\n<h2 class=\"has-text-color has-medium-font-size\" style=\"color:#539e04\"><a href=\"http:\/\/sophrologie-cap-sizun.fr\/index.php\/les-seances\/les-seances-de-sophrologie\/\" data-type=\"page\" data-id=\"101\">Contenu des s\u00e9ances<\/a><\/h2>\n\n\n\n<h2 class=\"has-text-color has-medium-font-size\" style=\"color:#539e04\"><a href=\"http:\/\/sophrologie-cap-sizun.fr\/index.php\/les-seances\/les-tarifs\/\" data-type=\"page\" data-id=\"103\">Les tarifs<\/a><\/h2>\n\n\n\n<h2 class=\"has-text-color has-medium-font-size\" style=\"color:#539e04\"><a href=\"http:\/\/sophrologie-cap-sizun.fr\/index.php\/les-seances\/les-seances-enfants\/\" data-type=\"page\" data-id=\"105\">Les s\u00e9ances enfants<\/a><\/h2>\n\n\n\n<h2 class=\"has-text-color has-medium-font-size\" style=\"color:#539e04\"><a href=\"http:\/\/sophrologie-cap-sizun.fr\/index.php\/les-seances\/les-seances-ados\/\" data-type=\"page\" data-id=\"107\">Les s\u00e9ances ados<\/a><\/h2>\n\n\n\n<h2 class=\"has-text-color has-medium-font-size\" style=\"color:#539e04\"><a href=\"http:\/\/sophrologie-cap-sizun.fr\/index.php\/les-seances\/les-seances-adultes\/\" data-type=\"page\" data-id=\"109\">Les s\u00e9ances adultes<\/a><\/h2>\n\n\n\n<h2 class=\"has-text-color has-medium-font-size\" style=\"color:#539e04\"><a href=\"http:\/\/sophrologie-cap-sizun.fr\/index.php\/les-seances\/les-seances-adultes\/\" data-type=\"page\" data-id=\"109\">Les s\u00e9ances collectives<\/a><\/h2>\n\n\n\n<p><\/p>\n\n\n\n<p><\/p>\n","protected":false},"excerpt":{"rendered":"<p>Contenu des s\u00e9ances Les tarifs Les s\u00e9ances enfants Les s\u00e9ances ados Les s\u00e9ances adultes Les s\u00e9ances collectives<\/p>\n","protected":false},"author":1,"featured_media":0,"parent":0,"menu_order":4,"comment_status":"closed","ping_status":"closed","template":"","meta":[],"_links":{"self":[{"href":"https:\/\/sophrologie-cap-sizun.fr\/index.php\/wp-json\/wp\/v2\/pages\/96"}],"collection":[{"href":"https:\/\/sophrologie-cap-sizun.fr\/index.php\/wp-json\/wp\/v2\/pages"}],"about":[{"href":"https:\/\/sophrologie-cap-sizun.fr\/index.php\/wp-json\/wp\/v2\/types\/page"}],"author":[{"embeddable":true,"href":"https:\/\/sophrologie-cap-sizun.fr\/index.php\/wp-json\/wp\/v2\/users\/1"}],"replies":[{"embeddable":true,"href":"https:\/\/sophrologie-cap-sizun.fr\/index.php\/wp-json\/wp\/v2\/comments?post=96"}],"version-history":[{"count":6,"href":"https:\/\/sophrologie-cap-sizun.fr\/index.php\/wp-json\/wp\/v2\/pages\/96\/revisions"}],"predecessor-version":[{"id":268,"href":"https:\/\/sophrologie-cap-sizun.fr\/index.php\/wp-json\/wp\/v2\/pages\/96\/revisions\/268"}],"wp:attachment":[{"href":"https:\/\/sophrologie-cap-sizun.fr\/index.php\/wp-json\/wp\/v2\/media?parent=96"}],"curies":[{"name":"wp","href":"https:\/\/api.w.org\/{rel}","templated":true}]}}